{"id":50,"date":"2021-06-02T16:46:33","date_gmt":"2021-06-02T14:46:33","guid":{"rendered":"https:\/\/www.milamber.ma\/?page_id=50"},"modified":"2021-06-02T16:46:33","modified_gmt":"2021-06-02T14:46:33","slug":"gnu-linux-et-redhat","status":"publish","type":"page","link":"https:\/\/www.milamber.ma\/index.php\/gnu-linux-et-redhat\/","title":{"rendered":"GNU\/LINUX et RedHat"},"content":{"rendered":"\n<p>Milamber Consulting dispose de ressources certifi\u00e9es Linux Professional Institute, ce qui lui permet de proposer des services d\u2019expertise autour des distributions GNU\/Linux et des logiciels les accompagnants.<\/p>\n\n\n\n<p>Les distributions ma\u00eetris\u00e9es par Milamber Consulting sont :<\/p>\n\n\n\n<ul class=\"wp-block-list\"><li>RedHat Linux Entreprise<\/li><li>Debian<\/li><li>CentOS<\/li><li>Ubuntu Desktop \/ Server<\/li><\/ul>\n\n\n\n<p>Les services propos\u00e9s li\u00e9s \u00e0 GNU\/Linux sont :RedHat ISV<\/p>\n\n\n\n<ul class=\"wp-block-list\"><li>Installation et configuration de distribution Linux sur serveurs ou poste de travail<\/li><li>Configuration avanc\u00e9e (mise en s\u00e9curit\u00e9 d\u2019environnements, mise en performances, int\u00e9gration avec services logiques (ldap syst\u00e8mes, imprimantes, Active Directory, etc.)<\/li><li>Audit de configuration de serveurs GNU\/Linux en termes de performances, et de s\u00e9curit\u00e9<\/li><li>Assistance \u00e0 la migration vers version sup\u00e9rieure<\/li><\/ul>\n\n\n\n<p>Milamber Consulting propose \u00e9galement des formations sur Linux :<\/p>\n\n\n\n<ul class=\"wp-block-list\"><li>Formation \u00e0 l\u2019administration GNU\/Linux<\/li><\/ul>\n","protected":false},"excerpt":{"rendered":"<p>Milamber Consulting dispose de ressources certifi\u00e9es Linux Professional Institute, ce qui lui permet de proposer des services d\u2019expertise autour des distributions GNU\/Linux et des logiciels les accompagnants. Les distributions ma\u00eetris\u00e9es par Milamber Consulting sont : RedHat Linux Entreprise Debian CentOS Ubuntu Desktop \/ Server Les services propos\u00e9s li\u00e9s \u00e0 GNU\/Linux sont :RedHat ISV Installation et [&hellip;]<\/p>\n","protected":false},"author":1,"featured_media":0,"parent":0,"menu_order":0,"comment_status":"closed","ping_status":"closed","template":"","meta":{"footnotes":""},"class_list":["post-50","page","type-page","status-publish","hentry"],"_links":{"self":[{"href":"https:\/\/www.milamber.ma\/index.php\/wp-json\/wp\/v2\/pages\/50","targetHints":{"allow":["GET"]}}],"collection":[{"href":"https:\/\/www.milamber.ma\/index.php\/wp-json\/wp\/v2\/pages"}],"about":[{"href":"https:\/\/www.milamber.ma\/index.php\/wp-json\/wp\/v2\/types\/page"}],"author":[{"embeddable":true,"href":"https:\/\/www.milamber.ma\/index.php\/wp-json\/wp\/v2\/users\/1"}],"replies":[{"embeddable":true,"href":"https:\/\/www.milamber.ma\/index.php\/wp-json\/wp\/v2\/comments?post=50"}],"version-history":[{"count":1,"href":"https:\/\/www.milamber.ma\/index.php\/wp-json\/wp\/v2\/pages\/50\/revisions"}],"predecessor-version":[{"id":51,"href":"https:\/\/www.milamber.ma\/index.php\/wp-json\/wp\/v2\/pages\/50\/revisions\/51"}],"wp:attachment":[{"href":"https:\/\/www.milamber.ma\/index.php\/wp-json\/wp\/v2\/media?parent=50"}],"curies":[{"name":"wp","href":"https:\/\/api.w.org\/{rel}","templated":true}]}}