{"id":48,"date":"2021-06-02T16:45:46","date_gmt":"2021-06-02T14:45:46","guid":{"rendered":"https:\/\/www.milamber.ma\/?page_id=48"},"modified":"2021-06-02T16:45:46","modified_gmt":"2021-06-02T14:45:46","slug":"jboss-eap","status":"publish","type":"page","link":"https:\/\/www.milamber.ma\/index.php\/jboss-eap\/","title":{"rendered":"JBOSS EAP"},"content":{"rendered":"\n<p>Milamber Consulting est partenaire RedHat JBoss (ISV Ready Partner), ce qui lui permet de proposer des services d\u2019expertise autour des technologies JBoss Enterprise Application Platform et\/ou Application Server.<\/p>\n\n\n\n<p>Afin de r\u00e9pondre au besoin d\u2019int\u00e9gration des produits JBoss dans des environnements complexes, Milamber Consulting dispose \u00e9galement de comp\u00e9tences sur les produits Redhat li\u00e9s \u00e0 JBoss, en particulier :<\/p>\n\n\n\n<ul class=\"wp-block-list\"><li>RedHat Enterprise Linux<\/li><li>RedHat Virtualisation Server<\/li><li>JBoss Studio Developer<\/li><\/ul>\n\n\n\n<p>Les services propos\u00e9s li\u00e9s \u00e0 JBoss sont :<\/p>\n\n\n\n<ul class=\"wp-block-list\"><li>Installation et configuration de produits JBoss EAP sur environnement Unix\/Linux ou Windows<\/li><li>Mise en \u0153uvre d\u2019architecture \u00e0 haute disponibilit\u00e9 et \u00e0 tol\u00e9rance de pannes<\/li><li>Configuration avanc\u00e9e (mise en s\u00e9curit\u00e9 d\u2019environnements, mise en performances, int\u00e9gration avec services logiques (ldap, base, messagerie orient\u00e9e message, etc.))<\/li><li>Audit d\u2019architecture bas\u00e9e sur JBoss en termes de performances, et de s\u00e9curit\u00e9<\/li><li>Assistance \u00e0 la migration d\u2019applications J2EE existantes vers un environnement JBoss<\/li><li>Assistance \u00e0 la migration entre version de JBoss<\/li><\/ul>\n\n\n\n<p>Milamber Consulting propose \u00e9galement des formations et workshops sur JBoss EAP ou AS :<\/p>\n\n\n\n<ul class=\"wp-block-list\"><li>Formation \u00e0 l\u2019administration de JBoss EAP<\/li><li>Workshop JBoss EAP avanc\u00e9<\/li><\/ul>\n","protected":false},"excerpt":{"rendered":"<p>Milamber Consulting est partenaire RedHat JBoss (ISV Ready Partner), ce qui lui permet de proposer des services d\u2019expertise autour des technologies JBoss Enterprise Application Platform et\/ou Application Server. Afin de r\u00e9pondre au besoin d\u2019int\u00e9gration des produits JBoss dans des environnements complexes, Milamber Consulting dispose \u00e9galement de comp\u00e9tences sur les produits Redhat li\u00e9s \u00e0 JBoss, en [&hellip;]<\/p>\n","protected":false},"author":1,"featured_media":0,"parent":0,"menu_order":0,"comment_status":"closed","ping_status":"closed","template":"","meta":{"footnotes":""},"class_list":["post-48","page","type-page","status-publish","hentry"],"_links":{"self":[{"href":"https:\/\/www.milamber.ma\/index.php\/wp-json\/wp\/v2\/pages\/48","targetHints":{"allow":["GET"]}}],"collection":[{"href":"https:\/\/www.milamber.ma\/index.php\/wp-json\/wp\/v2\/pages"}],"about":[{"href":"https:\/\/www.milamber.ma\/index.php\/wp-json\/wp\/v2\/types\/page"}],"author":[{"embeddable":true,"href":"https:\/\/www.milamber.ma\/index.php\/wp-json\/wp\/v2\/users\/1"}],"replies":[{"embeddable":true,"href":"https:\/\/www.milamber.ma\/index.php\/wp-json\/wp\/v2\/comments?post=48"}],"version-history":[{"count":1,"href":"https:\/\/www.milamber.ma\/index.php\/wp-json\/wp\/v2\/pages\/48\/revisions"}],"predecessor-version":[{"id":49,"href":"https:\/\/www.milamber.ma\/index.php\/wp-json\/wp\/v2\/pages\/48\/revisions\/49"}],"wp:attachment":[{"href":"https:\/\/www.milamber.ma\/index.php\/wp-json\/wp\/v2\/media?parent=48"}],"curies":[{"name":"wp","href":"https:\/\/api.w.org\/{rel}","templated":true}]}}