{"id":46,"date":"2021-06-02T16:30:57","date_gmt":"2021-06-02T14:30:57","guid":{"rendered":"https:\/\/www.milamber.ma\/?page_id=46"},"modified":"2021-06-02T16:30:57","modified_gmt":"2021-06-02T14:30:57","slug":"ibm-websphere","status":"publish","type":"page","link":"https:\/\/www.milamber.ma\/index.php\/ibm-websphere\/","title":{"rendered":"IBM WEBSPHERE"},"content":{"rendered":"\n<p>Milamber Consulting dispose de ressources certifi\u00e9es WebSphere, ce qui lui permet de proposer des services d\u2019expertise autour de la technologie WebSphere.<\/p>\n\n\n\n<p>Les produits de la gamme WebSphere sont :<\/p>\n\n\n\n<ul class=\"wp-block-list\"><li>WebSphere Application Server<\/li><li>WebSphere Portal Server<\/li><\/ul>\n\n\n\n<p>Afin de r\u00e9pondre au besoin d\u2019int\u00e9gration des produits WebSphere dans des environnements complexes, Milamber Consulting dispose \u00e9galement de comp\u00e9tences sur les produits IBM li\u00e9s \u00e0 WebSphere, en particulier :<\/p>\n\n\n\n<ul class=\"wp-block-list\"><li>IBM DB2 coupl\u00e9e avec WebSphere<\/li><li>WebSphere MQ coupl\u00e9 avec WebSphere<\/li><li>Tivoli Directory Server coupl\u00e9 avec WebSphere<\/li><li>Edge Componements en r\u00e9partiteur de charge frontal \u00e0 WebSphere<\/li><li>IBM HTTP Server en serveur web frontal de WebSphere<\/li><li>Rational Application Developer pour l\u2019ajout de briques logicielles dans WebSphere, ainsi que les optimisations applicatives pour une meilleure int\u00e9gration avec WebSphere<\/li><\/ul>\n\n\n\n<p>Les services propos\u00e9s li\u00e9s \u00e0 WebSphere sont :<\/p>\n\n\n\n<ul class=\"wp-block-list\"><li>Installation et configuration de produits WebSphere sur environnement Unix\/Linux ou Windows<\/li><li>Configuration avanc\u00e9e (mise en s\u00e9curit\u00e9 d\u2019environnements, mise en performances, int\u00e9gration avec services logiques (ldap, base, messagerie orient\u00e9e message, etc.))<\/li><li>Audit d\u2019architecture bas\u00e9e sur WebSphere en termes de performances, et de s\u00e9curit\u00e9<\/li><li>Assistance \u00e0 la migration d\u2019applications J2EE existantes vers un environnement WebSphere<\/li><li>Assistance \u00e0 la migration entre version de WebSphere<\/li><li>Formation \u00e0 l\u2019administration de WebSphere Application Server<\/li><\/ul>\n","protected":false},"excerpt":{"rendered":"<p>Milamber Consulting dispose de ressources certifi\u00e9es WebSphere, ce qui lui permet de proposer des services d\u2019expertise autour de la technologie WebSphere. Les produits de la gamme WebSphere sont : WebSphere Application Server WebSphere Portal Server Afin de r\u00e9pondre au besoin d\u2019int\u00e9gration des produits WebSphere dans des environnements complexes, Milamber Consulting dispose \u00e9galement de comp\u00e9tences sur [&hellip;]<\/p>\n","protected":false},"author":1,"featured_media":0,"parent":0,"menu_order":0,"comment_status":"closed","ping_status":"closed","template":"","meta":{"footnotes":""},"class_list":["post-46","page","type-page","status-publish","hentry"],"_links":{"self":[{"href":"https:\/\/www.milamber.ma\/index.php\/wp-json\/wp\/v2\/pages\/46","targetHints":{"allow":["GET"]}}],"collection":[{"href":"https:\/\/www.milamber.ma\/index.php\/wp-json\/wp\/v2\/pages"}],"about":[{"href":"https:\/\/www.milamber.ma\/index.php\/wp-json\/wp\/v2\/types\/page"}],"author":[{"embeddable":true,"href":"https:\/\/www.milamber.ma\/index.php\/wp-json\/wp\/v2\/users\/1"}],"replies":[{"embeddable":true,"href":"https:\/\/www.milamber.ma\/index.php\/wp-json\/wp\/v2\/comments?post=46"}],"version-history":[{"count":1,"href":"https:\/\/www.milamber.ma\/index.php\/wp-json\/wp\/v2\/pages\/46\/revisions"}],"predecessor-version":[{"id":47,"href":"https:\/\/www.milamber.ma\/index.php\/wp-json\/wp\/v2\/pages\/46\/revisions\/47"}],"wp:attachment":[{"href":"https:\/\/www.milamber.ma\/index.php\/wp-json\/wp\/v2\/media?parent=46"}],"curies":[{"name":"wp","href":"https:\/\/api.w.org\/{rel}","templated":true}]}}