{"id":44,"date":"2021-06-02T16:28:55","date_gmt":"2021-06-02T14:28:55","guid":{"rendered":"https:\/\/www.milamber.ma\/?page_id=44"},"modified":"2021-06-02T16:28:55","modified_gmt":"2021-06-02T14:28:55","slug":"apache-jmeter","status":"publish","type":"page","link":"https:\/\/www.milamber.ma\/index.php\/apache-jmeter\/","title":{"rendered":"APACHE JMETER"},"content":{"rendered":"\n<p>Milamber Consulting propose \u00e9galement des services autour de l\u2019outil de test de charge Apache JMeter. Apache JMeter logoEn effet, Milamber Consulting dispose de ressources ma\u00eetrisant cet outil de la Fondation Apache, et avec le r\u00f4le de Project Management Committee sur le projet JMeter.<\/p>\n\n\n\n<p>Les services propos\u00e9s li\u00e9s \u00e0 JMeter sont :<\/p>\n\n\n\n<ul class=\"wp-block-list\"><li>Tests de charge pour site Web (petite charge (~1000 utilisateurs virtuels) ou charge importantes (> 100 000 utilisateurs virtuels) via l\u2019utilisation de solutions de tests de charges JMeter bas\u00e9es sur le Cloud Computing.<\/li><li>Tests fonctionnel sur site Web, int\u00e9gration dans une usine de d\u00e9veloppement\/d\u2019int\u00e9gration continue<\/li><li>Tests de charge sur services logiques sp\u00e9cialis\u00e9s (service messagerie, FTP, Messagerie orient\u00e9e messages, LDAP, etc)<\/li><li>D\u00e9veloppement sp\u00e9cifique sur JMeter pour ajouter de nouveaux \u00e9l\u00e9ments (\u00e9chantillons, r\u00e9cepteurs, etc.)<\/li><li>Formation \u00e0 JMeter pour les tests de charge<\/li><li>Formation \u00e0 JMeter pour les tests fonctionnels<\/li><\/ul>\n","protected":false},"excerpt":{"rendered":"<p>Milamber Consulting propose \u00e9galement des services autour de l\u2019outil de test de charge Apache JMeter. Apache JMeter logoEn effet, Milamber Consulting dispose de ressources ma\u00eetrisant cet outil de la Fondation Apache, et avec le r\u00f4le de Project Management Committee sur le projet JMeter. Les services propos\u00e9s li\u00e9s \u00e0 JMeter sont : Tests de charge pour [&hellip;]<\/p>\n","protected":false},"author":1,"featured_media":0,"parent":0,"menu_order":0,"comment_status":"closed","ping_status":"closed","template":"","meta":{"footnotes":""},"class_list":["post-44","page","type-page","status-publish","hentry"],"_links":{"self":[{"href":"https:\/\/www.milamber.ma\/index.php\/wp-json\/wp\/v2\/pages\/44","targetHints":{"allow":["GET"]}}],"collection":[{"href":"https:\/\/www.milamber.ma\/index.php\/wp-json\/wp\/v2\/pages"}],"about":[{"href":"https:\/\/www.milamber.ma\/index.php\/wp-json\/wp\/v2\/types\/page"}],"author":[{"embeddable":true,"href":"https:\/\/www.milamber.ma\/index.php\/wp-json\/wp\/v2\/users\/1"}],"replies":[{"embeddable":true,"href":"https:\/\/www.milamber.ma\/index.php\/wp-json\/wp\/v2\/comments?post=44"}],"version-history":[{"count":1,"href":"https:\/\/www.milamber.ma\/index.php\/wp-json\/wp\/v2\/pages\/44\/revisions"}],"predecessor-version":[{"id":45,"href":"https:\/\/www.milamber.ma\/index.php\/wp-json\/wp\/v2\/pages\/44\/revisions\/45"}],"wp:attachment":[{"href":"https:\/\/www.milamber.ma\/index.php\/wp-json\/wp\/v2\/media?parent=44"}],"curies":[{"name":"wp","href":"https:\/\/api.w.org\/{rel}","templated":true}]}}