{"id":42,"date":"2021-06-02T16:27:46","date_gmt":"2021-06-02T14:27:46","guid":{"rendered":"https:\/\/www.milamber.ma\/?page_id=42"},"modified":"2021-06-02T16:27:46","modified_gmt":"2021-06-02T14:27:46","slug":"apache-cloudstack","status":"publish","type":"page","link":"https:\/\/www.milamber.ma\/index.php\/apache-cloudstack\/","title":{"rendered":"APACHE CLOUDSTACK"},"content":{"rendered":"\n<p>CloudStack. Ce dernier permet de disposer de sa propre Infrastruture As A Service (IaaS) en se pla\u00e7ant comme une couche au-dessus d\u2019un hyperviseur tel que VMware, KVM, Xen, HyperV, etc.<\/p>\n\n\n\n<p>De plus, Milamber Consulting dispose de ressources ma\u00eetrisant cet outil de la Fondation Apache, et ayant le r\u00f4le de Commiter sur le projet CloudStack.<\/p>\n\n\n\n<p>Les services propos\u00e9s li\u00e9s \u00e0 CloudStack sont :<\/p>\n\n\n\n<ul class=\"wp-block-list\"><li>D\u00e9finition et conception d\u2019infrastructure en tant que service (IaaS) CloudStack<\/li><li>Virtualisateurs possibles : KVM, VMware, HyperV, LXC ou Xen<\/li><li>Stockage primaire \/ secondaire : CLVM, NFS, Ceph, GlusterFS, S3<\/li><li>Installation et d\u00e9ploiement de CloudStack (manager et nodes)<\/li><li>Liaison de CloudStack Usage Server vers un syst\u00e8me de facturation (billing)<\/li><li>Mise en place de scripts et automates de cr\u00e9ation \/ gestion de machines virtuelles et routeur virtuels<\/li><li>D\u00e9veloppement sp\u00e9cifique sur CloudStack pour l\u2019\u00e9tendre (liaison avec le syst\u00e8me d\u2019information)<\/li><\/ul>\n\n\n\n<p>Milamber Consulting propose \u00e9galement la formation suivante sur Apache CloudStack :<\/p>\n\n\n\n<ul class=\"wp-block-list\"><li>Formation \u00e0 l\u2019installation et l\u2019administration de Apache CloudStack<\/li><\/ul>\n","protected":false},"excerpt":{"rendered":"<p>CloudStack. Ce dernier permet de disposer de sa propre Infrastruture As A Service (IaaS) en se pla\u00e7ant comme une couche au-dessus d\u2019un hyperviseur tel que VMware, KVM, Xen, HyperV, etc. De plus, Milamber Consulting dispose de ressources ma\u00eetrisant cet outil de la Fondation Apache, et ayant le r\u00f4le de Commiter sur le projet CloudStack. Les [&hellip;]<\/p>\n","protected":false},"author":1,"featured_media":0,"parent":0,"menu_order":0,"comment_status":"closed","ping_status":"closed","template":"","meta":{"footnotes":""},"class_list":["post-42","page","type-page","status-publish","hentry"],"_links":{"self":[{"href":"https:\/\/www.milamber.ma\/index.php\/wp-json\/wp\/v2\/pages\/42","targetHints":{"allow":["GET"]}}],"collection":[{"href":"https:\/\/www.milamber.ma\/index.php\/wp-json\/wp\/v2\/pages"}],"about":[{"href":"https:\/\/www.milamber.ma\/index.php\/wp-json\/wp\/v2\/types\/page"}],"author":[{"embeddable":true,"href":"https:\/\/www.milamber.ma\/index.php\/wp-json\/wp\/v2\/users\/1"}],"replies":[{"embeddable":true,"href":"https:\/\/www.milamber.ma\/index.php\/wp-json\/wp\/v2\/comments?post=42"}],"version-history":[{"count":1,"href":"https:\/\/www.milamber.ma\/index.php\/wp-json\/wp\/v2\/pages\/42\/revisions"}],"predecessor-version":[{"id":43,"href":"https:\/\/www.milamber.ma\/index.php\/wp-json\/wp\/v2\/pages\/42\/revisions\/43"}],"wp:attachment":[{"href":"https:\/\/www.milamber.ma\/index.php\/wp-json\/wp\/v2\/media?parent=42"}],"curies":[{"name":"wp","href":"https:\/\/api.w.org\/{rel}","templated":true}]}}