{"id":40,"date":"2021-06-02T16:26:49","date_gmt":"2021-06-02T14:26:49","guid":{"rendered":"https:\/\/www.milamber.ma\/?page_id=40"},"modified":"2021-06-02T16:26:49","modified_gmt":"2021-06-02T14:26:49","slug":"amazon-aws","status":"publish","type":"page","link":"https:\/\/www.milamber.ma\/index.php\/amazon-aws\/","title":{"rendered":"AMAZON AWS"},"content":{"rendered":"\n<p>Milamber Consulting peut vous accompagner dans la d\u00e9finition, la conception et la mise en place d\u2019architectures h\u00e9berg\u00e9es sur la solution Amazon Web Services (AWS).Amazon Web Services (AWS)<\/p>\n\n\n\n<p>Milamber Consulting dispose en effet, de plusieurs r\u00e9f\u00e9rences dans la mise en place de plates-formes h\u00e9berg\u00e9es sur Amazon AWS.<\/p>\n\n\n\n<p>Les services propos\u00e9s autour de Amazon AWS sont :<\/p>\n\n\n\n<ul class=\"wp-block-list\"><li>D\u00e9finition et conception d\u2019architecture Amazon AWS en utilisant les sp\u00e9cificit\u00e9s et services de AWS :<\/li><li>Instances \u00e0 la demande \/ r\u00e9serv\u00e9e EC2<\/li><li>Base de donn\u00e9es RDS en mono-AZ ou multi-AZ<\/li><li>R\u00e9seau priv\u00e9 VPC<\/li><li>CDN CloudFront<\/li><li>Envoi d\u2019email via SES<\/li><li>Monitoring CloudWatch<\/li><li>Stockage S3 \/ Glacier<\/li><li>Applications d\u00e9ploy\u00e9es sur Beanstalk<\/li><li>Installation et d\u00e9ploiement de plate-forme sur AWS (manuel ou automatis\u00e9 via Ansible)<\/li><li>D\u00e9veloppement de scripts d\u2019auto-scaling pour les instances EC2<\/li><\/ul>\n","protected":false},"excerpt":{"rendered":"<p>Milamber Consulting peut vous accompagner dans la d\u00e9finition, la conception et la mise en place d\u2019architectures h\u00e9berg\u00e9es sur la solution Amazon Web Services (AWS).Amazon Web Services (AWS) Milamber Consulting dispose en effet, de plusieurs r\u00e9f\u00e9rences dans la mise en place de plates-formes h\u00e9berg\u00e9es sur Amazon AWS. Les services propos\u00e9s autour de Amazon AWS sont : [&hellip;]<\/p>\n","protected":false},"author":1,"featured_media":0,"parent":0,"menu_order":0,"comment_status":"closed","ping_status":"closed","template":"","meta":{"footnotes":""},"class_list":["post-40","page","type-page","status-publish","hentry"],"_links":{"self":[{"href":"https:\/\/www.milamber.ma\/index.php\/wp-json\/wp\/v2\/pages\/40","targetHints":{"allow":["GET"]}}],"collection":[{"href":"https:\/\/www.milamber.ma\/index.php\/wp-json\/wp\/v2\/pages"}],"about":[{"href":"https:\/\/www.milamber.ma\/index.php\/wp-json\/wp\/v2\/types\/page"}],"author":[{"embeddable":true,"href":"https:\/\/www.milamber.ma\/index.php\/wp-json\/wp\/v2\/users\/1"}],"replies":[{"embeddable":true,"href":"https:\/\/www.milamber.ma\/index.php\/wp-json\/wp\/v2\/comments?post=40"}],"version-history":[{"count":1,"href":"https:\/\/www.milamber.ma\/index.php\/wp-json\/wp\/v2\/pages\/40\/revisions"}],"predecessor-version":[{"id":41,"href":"https:\/\/www.milamber.ma\/index.php\/wp-json\/wp\/v2\/pages\/40\/revisions\/41"}],"wp:attachment":[{"href":"https:\/\/www.milamber.ma\/index.php\/wp-json\/wp\/v2\/media?parent=40"}],"curies":[{"name":"wp","href":"https:\/\/api.w.org\/{rel}","templated":true}]}}