{"id":34,"date":"2021-06-02T16:23:19","date_gmt":"2021-06-02T14:23:19","guid":{"rendered":"https:\/\/www.milamber.ma\/?page_id=34"},"modified":"2021-06-02T16:23:19","modified_gmt":"2021-06-02T14:23:19","slug":"assistance-a-la-maitrise-douvrage","status":"publish","type":"page","link":"https:\/\/www.milamber.ma\/index.php\/assistance-a-la-maitrise-douvrage\/","title":{"rendered":"ASSISTANCE \u00c0 LA MA\u00ceTRISE D\u2019OUVRAGE"},"content":{"rendered":"\n<ul class=\"wp-block-list\"><li>R\u00e9daction de termes de r\u00e9f\u00e9rences pour les cahiers des charges<\/li><li>Assistance \u00e0 l\u2019\u00e9laboration des expressions de besoins et exigences techniques<\/li><li>Validation des offres techniques<\/li><li>Planning et suivi de projets techniques<\/li><\/ul>\n","protected":false},"excerpt":{"rendered":"<p>R\u00e9daction de termes de r\u00e9f\u00e9rences pour les cahiers des charges Assistance \u00e0 l\u2019\u00e9laboration des expressions de besoins et exigences techniques Validation des offres techniques Planning et suivi de projets techniques<\/p>\n","protected":false},"author":1,"featured_media":0,"parent":0,"menu_order":0,"comment_status":"closed","ping_status":"closed","template":"","meta":{"footnotes":""},"class_list":["post-34","page","type-page","status-publish","hentry"],"_links":{"self":[{"href":"https:\/\/www.milamber.ma\/index.php\/wp-json\/wp\/v2\/pages\/34","targetHints":{"allow":["GET"]}}],"collection":[{"href":"https:\/\/www.milamber.ma\/index.php\/wp-json\/wp\/v2\/pages"}],"about":[{"href":"https:\/\/www.milamber.ma\/index.php\/wp-json\/wp\/v2\/types\/page"}],"author":[{"embeddable":true,"href":"https:\/\/www.milamber.ma\/index.php\/wp-json\/wp\/v2\/users\/1"}],"replies":[{"embeddable":true,"href":"https:\/\/www.milamber.ma\/index.php\/wp-json\/wp\/v2\/comments?post=34"}],"version-history":[{"count":1,"href":"https:\/\/www.milamber.ma\/index.php\/wp-json\/wp\/v2\/pages\/34\/revisions"}],"predecessor-version":[{"id":35,"href":"https:\/\/www.milamber.ma\/index.php\/wp-json\/wp\/v2\/pages\/34\/revisions\/35"}],"wp:attachment":[{"href":"https:\/\/www.milamber.ma\/index.php\/wp-json\/wp\/v2\/media?parent=34"}],"curies":[{"name":"wp","href":"https:\/\/api.w.org\/{rel}","templated":true}]}}