{"id":32,"date":"2021-06-02T16:20:18","date_gmt":"2021-06-02T14:20:18","guid":{"rendered":"https:\/\/www.milamber.ma\/?page_id=32"},"modified":"2021-06-02T16:20:18","modified_gmt":"2021-06-02T14:20:18","slug":"securite","status":"publish","type":"page","link":"https:\/\/www.milamber.ma\/index.php\/securite\/","title":{"rendered":"S\u00c9CURIT\u00c9"},"content":{"rendered":"\n<p>Milamber Consulting propose les services suivants autour de la s\u00e9curit\u00e9 informatique :<\/p>\n\n\n\n<ul class=\"wp-block-list\"><li>D\u00e9finition de politiques de s\u00e9curit\u00e9 du syst\u00e8me d\u2019information (PSSI)<\/li><li>S\u00e9curisation d\u2019infrastructures tant au niveau des pare-feux que du socle technique h\u00e9bergeant les applications de l\u2019entreprise<\/li><li>S\u00e9curisation des applications Web contre les attaques (injection de code SQL, injection de code Javascript, attaque en force brute, d\u00e9ni de service, etc.)<\/li><li>Audit orient\u00e9 s\u00e9curit\u00e9 d\u2019infrastructures informatiques bas\u00e9 sur la m\u00e9thodologie OSSTMM<\/li><li>Audit orient\u00e9 s\u00e9curit\u00e9 d\u2019applications Web bas\u00e9 sur la m\u00e9thodologie de tests OWASP Testing Guide<\/li><li>R\u00e9alisation de tests d\u2019intrusions<\/li><li>\u00c9laboration de Plan de Continuit\u00e9 Informatique (PCI)<\/li><li>Audit et test de Plan de Continuit\u00e9 Informatique \/ Plan de Reprise Informatique<\/li><li>Formations sur la s\u00e9curit\u00e9 (m\u00e9thodologies et outils)<\/li><li>Assitance \u00e0 la mise en conformit\u00e9 selon les r\u00e9glementations (RGPD, PCI-DSS, etc)<\/li><li>Assistance \u00e0 l\u2019homologation en s\u00e9curit\u00e9<\/li><\/ul>\n","protected":false},"excerpt":{"rendered":"<p>Milamber Consulting propose les services suivants autour de la s\u00e9curit\u00e9 informatique : D\u00e9finition de politiques de s\u00e9curit\u00e9 du syst\u00e8me d\u2019information (PSSI) S\u00e9curisation d\u2019infrastructures tant au niveau des pare-feux que du socle technique h\u00e9bergeant les applications de l\u2019entreprise S\u00e9curisation des applications Web contre les attaques (injection de code SQL, injection de code Javascript, attaque en force [&hellip;]<\/p>\n","protected":false},"author":1,"featured_media":0,"parent":0,"menu_order":0,"comment_status":"closed","ping_status":"closed","template":"","meta":{"footnotes":""},"class_list":["post-32","page","type-page","status-publish","hentry"],"_links":{"self":[{"href":"https:\/\/www.milamber.ma\/index.php\/wp-json\/wp\/v2\/pages\/32","targetHints":{"allow":["GET"]}}],"collection":[{"href":"https:\/\/www.milamber.ma\/index.php\/wp-json\/wp\/v2\/pages"}],"about":[{"href":"https:\/\/www.milamber.ma\/index.php\/wp-json\/wp\/v2\/types\/page"}],"author":[{"embeddable":true,"href":"https:\/\/www.milamber.ma\/index.php\/wp-json\/wp\/v2\/users\/1"}],"replies":[{"embeddable":true,"href":"https:\/\/www.milamber.ma\/index.php\/wp-json\/wp\/v2\/comments?post=32"}],"version-history":[{"count":1,"href":"https:\/\/www.milamber.ma\/index.php\/wp-json\/wp\/v2\/pages\/32\/revisions"}],"predecessor-version":[{"id":33,"href":"https:\/\/www.milamber.ma\/index.php\/wp-json\/wp\/v2\/pages\/32\/revisions\/33"}],"wp:attachment":[{"href":"https:\/\/www.milamber.ma\/index.php\/wp-json\/wp\/v2\/media?parent=32"}],"curies":[{"name":"wp","href":"https:\/\/api.w.org\/{rel}","templated":true}]}}