{"id":30,"date":"2021-06-02T16:17:30","date_gmt":"2021-06-02T14:17:30","guid":{"rendered":"https:\/\/www.milamber.ma\/?page_id=30"},"modified":"2021-06-02T16:17:30","modified_gmt":"2021-06-02T14:17:30","slug":"performances","status":"publish","type":"page","link":"https:\/\/www.milamber.ma\/index.php\/performances\/","title":{"rendered":"PERFORMANCES"},"content":{"rendered":"\n<p>Les services autour des performances propos\u00e9s sont :<\/p>\n\n\n\n<ul class=\"wp-block-list\"><li>Installation et d\u00e9ploiement de solutions de tests de charge<\/li><li>R\u00e9alisation de campagnes de tests de performances<\/li><li>Audit de performance d\u2019infrastructures Web<\/li><li>Audit de performance d\u2019applications Web<\/li><li>Optimisation d\u2019infrastructures Web<\/li><li>Optimisation d\u2019applications Web<\/li><li>Formations sur la performance (d\u00e9marche et outils)<\/li><\/ul>\n","protected":false},"excerpt":{"rendered":"<p>Les services autour des performances propos\u00e9s sont : Installation et d\u00e9ploiement de solutions de tests de charge R\u00e9alisation de campagnes de tests de performances Audit de performance d\u2019infrastructures Web Audit de performance d\u2019applications Web Optimisation d\u2019infrastructures Web Optimisation d\u2019applications Web Formations sur la performance (d\u00e9marche et outils)<\/p>\n","protected":false},"author":1,"featured_media":0,"parent":0,"menu_order":0,"comment_status":"closed","ping_status":"closed","template":"","meta":{"footnotes":""},"class_list":["post-30","page","type-page","status-publish","hentry"],"_links":{"self":[{"href":"https:\/\/www.milamber.ma\/index.php\/wp-json\/wp\/v2\/pages\/30","targetHints":{"allow":["GET"]}}],"collection":[{"href":"https:\/\/www.milamber.ma\/index.php\/wp-json\/wp\/v2\/pages"}],"about":[{"href":"https:\/\/www.milamber.ma\/index.php\/wp-json\/wp\/v2\/types\/page"}],"author":[{"embeddable":true,"href":"https:\/\/www.milamber.ma\/index.php\/wp-json\/wp\/v2\/users\/1"}],"replies":[{"embeddable":true,"href":"https:\/\/www.milamber.ma\/index.php\/wp-json\/wp\/v2\/comments?post=30"}],"version-history":[{"count":1,"href":"https:\/\/www.milamber.ma\/index.php\/wp-json\/wp\/v2\/pages\/30\/revisions"}],"predecessor-version":[{"id":31,"href":"https:\/\/www.milamber.ma\/index.php\/wp-json\/wp\/v2\/pages\/30\/revisions\/31"}],"wp:attachment":[{"href":"https:\/\/www.milamber.ma\/index.php\/wp-json\/wp\/v2\/media?parent=30"}],"curies":[{"name":"wp","href":"https:\/\/api.w.org\/{rel}","templated":true}]}}