{"id":28,"date":"2021-06-02T16:16:10","date_gmt":"2021-06-02T14:16:10","guid":{"rendered":"https:\/\/www.milamber.ma\/?page_id=28"},"modified":"2021-06-02T16:16:10","modified_gmt":"2021-06-02T14:16:10","slug":"architectures-web-et-cloud","status":"publish","type":"page","link":"https:\/\/www.milamber.ma\/index.php\/architectures-web-et-cloud\/","title":{"rendered":"ARCHITECTURES WEB ET CLOUD"},"content":{"rendered":"\n<p>Milamber Consulting propose les services suivants au niveau des architectures techniques web\/cloud :<\/p>\n\n\n\n<ul class=\"wp-block-list\"><li>Audit d\u2019architecture selon les angles de la performance, la s\u00e9curit\u00e9 et les bonnes pratiques en mati\u00e8re de conception<\/li><li>D\u00e9finition et conception d\u2019architecture logique et physique<\/li><li>Mise en place d\u2019architectures autour des technologies Web<\/li><li>Mise en place d\u2019architectures Cloud Computing \/ IaaS<\/li><li>Optimisation et rationalisation d\u2019architectures<\/li><li>Mise en place de prototype d\u2019architecture pour validation<\/li><li>Maintenance et exploitation des solutions mises en place<\/li><li>Formations sur les architectures Web (d\u00e9marche et cas pratiques)<\/li><\/ul>\n","protected":false},"excerpt":{"rendered":"<p>Milamber Consulting propose les services suivants au niveau des architectures techniques web\/cloud : Audit d\u2019architecture selon les angles de la performance, la s\u00e9curit\u00e9 et les bonnes pratiques en mati\u00e8re de conception D\u00e9finition et conception d\u2019architecture logique et physique Mise en place d\u2019architectures autour des technologies Web Mise en place d\u2019architectures Cloud Computing \/ IaaS Optimisation [&hellip;]<\/p>\n","protected":false},"author":1,"featured_media":0,"parent":0,"menu_order":0,"comment_status":"closed","ping_status":"closed","template":"","meta":{"footnotes":""},"class_list":["post-28","page","type-page","status-publish","hentry"],"_links":{"self":[{"href":"https:\/\/www.milamber.ma\/index.php\/wp-json\/wp\/v2\/pages\/28","targetHints":{"allow":["GET"]}}],"collection":[{"href":"https:\/\/www.milamber.ma\/index.php\/wp-json\/wp\/v2\/pages"}],"about":[{"href":"https:\/\/www.milamber.ma\/index.php\/wp-json\/wp\/v2\/types\/page"}],"author":[{"embeddable":true,"href":"https:\/\/www.milamber.ma\/index.php\/wp-json\/wp\/v2\/users\/1"}],"replies":[{"embeddable":true,"href":"https:\/\/www.milamber.ma\/index.php\/wp-json\/wp\/v2\/comments?post=28"}],"version-history":[{"count":1,"href":"https:\/\/www.milamber.ma\/index.php\/wp-json\/wp\/v2\/pages\/28\/revisions"}],"predecessor-version":[{"id":29,"href":"https:\/\/www.milamber.ma\/index.php\/wp-json\/wp\/v2\/pages\/28\/revisions\/29"}],"wp:attachment":[{"href":"https:\/\/www.milamber.ma\/index.php\/wp-json\/wp\/v2\/media?parent=28"}],"curies":[{"name":"wp","href":"https:\/\/api.w.org\/{rel}","templated":true}]}}