{"id":19,"date":"2021-06-02T13:58:38","date_gmt":"2021-06-02T11:58:38","guid":{"rendered":"https:\/\/www.milamber.ma\/index.php\/home\/"},"modified":"2021-06-02T16:53:10","modified_gmt":"2021-06-02T14:53:10","slug":"home","status":"publish","type":"page","link":"https:\/\/www.milamber.ma\/","title":{"rendered":"Pr\u00e9sentation"},"content":{"rendered":"\n<p>Milamber Consulting est une soci\u00e9t\u00e9 d&rsquo;expertise et de conseils technologiques bas\u00e9e \u00e0 Rabat, Maroc. Milamber Consulting propose d&rsquo;accompagner ses clients dans la d\u00e9finition, la conception et la mise en \u0153uvre d&rsquo;architectures techniques s\u00e9curis\u00e9es et performantes bas\u00e9es sur les technologies Web et Cloud.<\/p>\n\n\n\n<p>Milamber Consulting vise l&rsquo;efficacit\u00e9 et l&rsquo;excellence technologique, le tout dans un esprit d&rsquo;innovation et de partage. La relation client de Milamber Consulting est bas\u00e9e sur le professionnalisme, le dynamisme et la flexibilit\u00e9.<\/p>\n\n\n\n<p>Milamber Consulting est ouverte \u00e0 toutes les technologies qui r\u00e9pondent efficacement aux besoins de ses clients. Sa veille technique est permanente afin de cerner les technologies \u00e9mergentes et d&rsquo;\u00e9tudier les possibilit\u00e9s de leurs mises en \u0153uvre pour ses clients.<\/p>\n\n\n\n<ul class=\"wp-block-list\"><li>Expertise<ul><li>Expertise et conseil autour des technologies Web et Cloud<\/li><\/ul><\/li><li>Accompagnement<ul><li>Accompagner nos clients dans la d\u00e9finition, la conception et la mise en \u0153uvre de leur SI<\/li><\/ul><\/li><li>Innovation<ul><li>Veille technique permanente afin de cerner les technologies \u00e9mergentes<\/li><\/ul><\/li><\/ul>\n","protected":false},"excerpt":{"rendered":"<p>Milamber Consulting est une soci\u00e9t\u00e9 d&rsquo;expertise et de conseils technologiques bas\u00e9e \u00e0 Rabat, Maroc. Milamber Consulting propose d&rsquo;accompagner ses clients dans la d\u00e9finition, la conception et la mise en \u0153uvre d&rsquo;architectures techniques s\u00e9curis\u00e9es et performantes bas\u00e9es sur les technologies Web et Cloud. Milamber Consulting vise l&rsquo;efficacit\u00e9 et l&rsquo;excellence technologique, le tout dans un esprit d&rsquo;innovation [&hellip;]<\/p>\n","protected":false},"author":1,"featured_media":0,"parent":0,"menu_order":0,"comment_status":"closed","ping_status":"closed","template":"templates\/template-frontpage.php","meta":{"footnotes":""},"class_list":["post-19","page","type-page","status-publish","hentry"],"_links":{"self":[{"href":"https:\/\/www.milamber.ma\/index.php\/wp-json\/wp\/v2\/pages\/19","targetHints":{"allow":["GET"]}}],"collection":[{"href":"https:\/\/www.milamber.ma\/index.php\/wp-json\/wp\/v2\/pages"}],"about":[{"href":"https:\/\/www.milamber.ma\/index.php\/wp-json\/wp\/v2\/types\/page"}],"author":[{"embeddable":true,"href":"https:\/\/www.milamber.ma\/index.php\/wp-json\/wp\/v2\/users\/1"}],"replies":[{"embeddable":true,"href":"https:\/\/www.milamber.ma\/index.php\/wp-json\/wp\/v2\/comments?post=19"}],"version-history":[{"count":1,"href":"https:\/\/www.milamber.ma\/index.php\/wp-json\/wp\/v2\/pages\/19\/revisions"}],"predecessor-version":[{"id":73,"href":"https:\/\/www.milamber.ma\/index.php\/wp-json\/wp\/v2\/pages\/19\/revisions\/73"}],"wp:attachment":[{"href":"https:\/\/www.milamber.ma\/index.php\/wp-json\/wp\/v2\/media?parent=19"}],"curies":[{"name":"wp","href":"https:\/\/api.w.org\/{rel}","templated":true}]}}